{"id":12,"date":"2020-09-10T13:43:39","date_gmt":"2020-09-10T11:43:39","guid":{"rendered":"http:\/\/kpms-anlagenbau.de\/?page_id=12"},"modified":"2021-10-25T15:27:33","modified_gmt":"2021-10-25T13:27:33","slug":"willkommen-bei-kpms","status":"publish","type":"page","link":"https:\/\/kpms-anlagenbau.de\/","title":{"rendered":"Willkommen bei KPMS"},"content":{"rendered":"\n<p><em><strong>Wo auch immer&nbsp;Sie hei\u00dfe Luft ben\u00f6tigen,<\/strong><\/em><\/p>\n\n\n\n<p><em><strong>unsere Brenner &amp; W\u00e4rme\u00fcbertrager&nbsp;liefern sie.<\/strong><\/em><\/p>\n\n\n\n<p>KPMS entwickelt hochwertige Produkte f\u00fcr Thermoprozessanlagen und realisiert diese f\u00fcr verschiedenste Anwendungsbereiche exakt auf die Kundenanforderungen zugeschnitten.<\/p>\n\n\n\n<h4>Unsere Leistungen<\/h4>\n\n\n\n<figure class=\"wp-block-image size-large\"><img loading=\"lazy\" width=\"960\" height=\"271\" src=\"http:\/\/kpms-anlagenbau.de\/wp-content\/uploads\/2020\/09\/Folie2-e1600947362790.png\" alt=\"\" class=\"wp-image-56\" srcset=\"https:\/\/kpms-anlagenbau.de\/wp-content\/uploads\/2020\/09\/Folie2-e1600947362790.png 960w, https:\/\/kpms-anlagenbau.de\/wp-content\/uploads\/2020\/09\/Folie2-e1600947362790-300x85.png 300w, https:\/\/kpms-anlagenbau.de\/wp-content\/uploads\/2020\/09\/Folie2-e1600947362790-768x217.png 768w\" sizes=\"(max-width: 960px) 100vw, 960px\" \/><\/figure>\n\n\n\n<h4>Unsere Produkte<\/h4>\n\n\n\n<figure class=\"wp-block-image size-large\"><img loading=\"lazy\" width=\"960\" height=\"429\" src=\"http:\/\/kpms-anlagenbau.de\/wp-content\/uploads\/2020\/09\/Praesentation-KPMS-DE-2020-e1600946944899.png\" alt=\"\" class=\"wp-image-53\" srcset=\"https:\/\/kpms-anlagenbau.de\/wp-content\/uploads\/2020\/09\/Praesentation-KPMS-DE-2020-e1600946944899.png 960w, https:\/\/kpms-anlagenbau.de\/wp-content\/uploads\/2020\/09\/Praesentation-KPMS-DE-2020-e1600946944899-300x134.png 300w, https:\/\/kpms-anlagenbau.de\/wp-content\/uploads\/2020\/09\/Praesentation-KPMS-DE-2020-e1600946944899-768x343.png 768w\" sizes=\"(max-width: 960px) 100vw, 960px\" \/><\/figure>\n","protected":false},"excerpt":{"rendered":"<p>Wo auch immer&nbsp;Sie hei\u00dfe Luft ben\u00f6tigen, unsere Brenner &amp; W\u00e4rme\u00fcbertrager&nbsp;liefern sie. KPMS entwickelt hochwertige Produkte f\u00fcr Thermoprozessanlagen und realisiert diese f\u00fcr verschiedenste Anwendungsbereiche exakt auf die Kundenanforderungen zugeschnitten. Unsere Leistungen Unsere Produkte<\/p>\n","protected":false},"author":1,"featured_media":0,"parent":0,"menu_order":0,"comment_status":"closed","ping_status":"closed","template":"","meta":[],"_links":{"self":[{"href":"https:\/\/kpms-anlagenbau.de\/index.php?rest_route=\/wp\/v2\/pages\/12"}],"collection":[{"href":"https:\/\/kpms-anlagenbau.de\/index.php?rest_route=\/wp\/v2\/pages"}],"about":[{"href":"https:\/\/kpms-anlagenbau.de\/index.php?rest_route=\/wp\/v2\/types\/page"}],"author":[{"embeddable":true,"href":"https:\/\/kpms-anlagenbau.de\/index.php?rest_route=\/wp\/v2\/users\/1"}],"replies":[{"embeddable":true,"href":"https:\/\/kpms-anlagenbau.de\/index.php?rest_route=%2Fwp%2Fv2%2Fcomments&post=12"}],"version-history":[{"count":10,"href":"https:\/\/kpms-anlagenbau.de\/index.php?rest_route=\/wp\/v2\/pages\/12\/revisions"}],"predecessor-version":[{"id":59,"href":"https:\/\/kpms-anlagenbau.de\/index.php?rest_route=\/wp\/v2\/pages\/12\/revisions\/59"}],"wp:attachment":[{"href":"https:\/\/kpms-anlagenbau.de\/index.php?rest_route=%2Fwp%2Fv2%2Fmedia&parent=12"}],"curies":[{"name":"wp","href":"https:\/\/api.w.org\/{rel}","templated":true}]}}